{"id":89124,"date":"2021-05-04T11:26:45","date_gmt":"2021-05-04T11:26:45","guid":{"rendered":"https:\/\/bloc.coop\/?page_id=89124"},"modified":"2025-05-13T11:01:02","modified_gmt":"2025-05-13T11:01:02","slug":"politica-de-cookies","status":"publish","type":"page","link":"https:\/\/bloc.coop\/es\/politica-de-cookies\/","title":{"rendered":"Pol\u00edtica de cookies"},"content":{"rendered":"<div data-elementor-type=\"wp-page\" data-elementor-id=\"89124\" class=\"elementor elementor-89124\" data-elementor-post-type=\"page\">\n\t\t\t\t<div class=\"elementor-element elementor-element-1a9c38f1 e-flex e-con-boxed e-con e-parent\" data-id=\"1a9c38f1\" data-element_type=\"container\">\n\t\t\t\t\t<div class=\"e-con-inner\">\n\t\t\t\t<div class=\"elementor-element elementor-element-d7ef514 elementor-widget elementor-widget-heading\" data-id=\"d7ef514\" data-element_type=\"widget\" data-widget_type=\"heading.default\">\n\t\t\t\t<div class=\"elementor-widget-container\">\n\t\t\t\t\t<h1 class=\"elementor-heading-title elementor-size-default\">Pol\u00edtica de cookies<\/h1>\t\t\t\t<\/div>\n\t\t\t\t<\/div>\n\t\t\t\t<div class=\"elementor-element elementor-element-660b6334 elementor-widget elementor-widget-text-editor\" data-id=\"660b6334\" data-element_type=\"widget\" data-widget_type=\"text-editor.default\">\n\t\t\t\t<div class=\"elementor-widget-container\">\n\t\t\t\t\t\t\t\t\t<p>Definici\u00f3n y funci\u00f3n de las cookies<\/p><div class=\"cli_pg_page_contaner\"><h2>\u00bfPor qu\u00e9 debo informar sobre las cookies?<\/h2><div><p>Dentro del reglamento LSSI-CE (Ley de la sociedad de la informaci\u00f3n y comercio electr\u00f3nico), hay una secci\u00f3n dedicada a las cookies que requiere, para quienes disponemos de un sitio web, descargar en su navegador cookies de terceros para informar al usuario sobre el tipo de cookies, la duraci\u00f3n y finalidad de cada una de ellas. Entender\u00e1s que no es f\u00e1cil, pero por ley debo acercarme lo m\u00e1s posible a estas demandas.<br \/>Nuestro sitio web utiliza cookies propias y de terceros para que el usuario tenga una mejor experiencia de navegaci\u00f3n, de modo que pueda compartir contenidos en redes sociales y obtener estad\u00edsticas y h\u00e1bitos de navegaci\u00f3n de los usuarios de este blog.<br \/>Como usuario, puede rechazar el tratamiento de datos o informaci\u00f3n bloqueando estas cookies a trav\u00e9s de la configuraci\u00f3n adecuada de su navegador. Sin embargo, debe saber que si lo hace, nuestra plataforma web no funcionar\u00e1 correctamente.<br \/>De acuerdo con el art\u00edculo 22.2 de la Ley 34\/2002 de Servicios de la Sociedad de la Informaci\u00f3n y comercio electr\u00f3nico, si contin\u00faa navegando, estar\u00e1 dando su consentimiento para el uso de estas cookies.<br \/>Como usuario, aceptas expresamente, mediante el uso de este sitio web, el tratamiento de la informaci\u00f3n recopilada en la forma y para los fines que se detallan a continuaci\u00f3n. Tambi\u00e9n se acepta conocer la posibilidad de rechazar el tratamiento de estos datos o informaci\u00f3n rechazando el uso de cookies mediante la selecci\u00f3n de la configuraci\u00f3n adecuada para ello en su navegador. Aunque esta opci\u00f3n de bloqueo de cookies en su navegador puede no permitirle el uso completo de todas las funcionalidades de este sitio web.<\/p><\/div><\/div><h2>\u00a0<\/h2><h2>\u00bfQu\u00e9 son las cookies?<\/h2><div class=\"cli_pg_page_contaner\"><div><p>Una cookie es un archivo que se descarga en su ordenador al acceder a ciertas p\u00e1ginas web.<br \/>Las cookies permiten a una p\u00e1gina web, entre otras cosas, almacenar y recuperar informaci\u00f3n sobre los h\u00e1bitos de navegaci\u00f3n de un usuario o de su equipo y, dependiendo de la informaci\u00f3n que contengan y de la forma en que utilice su equipo, pueden utilizarse para reconocer al usuario.<\/p><p>\u00a0<\/p><\/div><h2>\u00bfQu\u00e9 tipos de cookies utiliza este sitio web?<\/h2><h3>Cookies t\u00e9cnicas y de personalizaci\u00f3n:<\/h3><div><p>Necesarias o convenientes para la prestaci\u00f3n de determinados servicios. Las primeras permiten al usuario la navegaci\u00f3n a trav\u00e9s del sitio web y la utilizaci\u00f3n de los diferentes servicios que se ofrecen, y las segundas permiten al usuario acceder al servicio con algunas caracter\u00edsticas de car\u00e1cter general predefinidas.<br \/>Las cookies se utilizan para el lenguaje, el gestor de contenidos y el mantenimiento de sesiones cuando sea necesario. Es posible que la desactivaci\u00f3n de estas cookies no reciba correctamente el contenido del sitio web.<\/p><\/div><h3>Cookies anal\u00edticas:<\/h3><div><p>Ya sea porque son tratados por nosotros o por terceros, permiten hacer un seguimiento y an\u00e1lisis estad\u00edstico del comportamiento de todos los usuarios. Si se desactivan estas cookies, el sitio web puede seguir funcionando, sin perjuicio de la informaci\u00f3n recopilada por estas cookies sobre el uso de nuestro sitio web y su contenido nos permite mejorar nuestros servicios.<\/p><p><strong>Cookies de redes sociales externas:<\/strong> Se utilizan para que los visitantes puedan interactuar con el contenido de las diferentes plataformas sociales.<\/p><p><strong>C\u00f3mo desactivar o eliminar las cookies<\/strong><br \/>Usted puede permitir, bloquear o eliminar las cookies instaladas en su equipo mediante la configuraci\u00f3n de las opciones del navegador en su equipo.<\/p><ul><li>Configuraci\u00f3n de Google Chrome<\/li><li>Configuraci\u00f3n de Internet Explorer<\/li><li>Configuraci\u00f3n de Safari<\/li><li>Configuraci\u00f3n de Mozilla Firefox<\/li><\/ul><p>Informaci\u00f3n sobre la identificaci\u00f3n de la persona que utiliza cookies<br \/>La informaci\u00f3n obtenida por las cookies es tratada por Bloc Cooperatiu SCCL en la que se ha contratado la prestaci\u00f3n del servicio de anal\u00edtica con Google Analytics donde siguiendo el enlace puede acceder a sus condiciones legales.<br \/>Tambi\u00e9n puede haber complementos de otros proveedores donde, siguiendo los siguientes enlaces, puede consultar las condiciones legales relativas a las cookies de cada uno de ellos:<\/p><ul><li>Facebook<\/li><li>Twitter<\/li><li>Linkedin<\/li><li>Instagram<\/li><li>Vimeo<\/li><li>Youtube<\/li><\/ul><p>\u00a0<\/p><\/div><h2>Actualizaci\u00f3n de la pol\u00edtica de cookies<\/h2><p>Es posible que, mediante nuevas interpretaciones realizadas por el \u00f3rgano regulador competente, jueces o tribunales, esta pol\u00edtica de cookies pueda ser modificada de manera que se pida al usuario que verifique peri\u00f3dicamente sus contenidos.<br \/>Asimismo, Bloc Cooperatiu SCCL garantiza expresamente a los usuarios que sus datos personales no ser\u00e1n cedidos en ning\u00fan caso a terceros sin solicitud de consentimiento previo expreso, informado e inequ\u00edvoco, para la cesi\u00f3n expresa e inequ\u00edvoca, para la cesi\u00f3n expresa e inequ\u00edvoca.<br \/>Sin embargo, Bloc Cooperatiu SCCL podr\u00e1 comunicar a la autoridad p\u00fablica competente los datos personales, as\u00ed como cualquier otra informaci\u00f3n que est\u00e9 en su poder a trav\u00e9s de sus sistemas inform\u00e1ticos, previa solicitud, de conformidad con las disposiciones legales aplicables, as\u00ed como que pueda comunicar a terceros los datos estrictamente necesarios por obligaci\u00f3n contractual.<\/p><\/div><p>\u00a0<\/p><div class=\"logos-footer\"><img decoding=\"async\" class=\"\" src=\"\/wp-content\/uploads\/2021\/05\/UNIO_EUROPEA.svg\" width=\"108\" height=\"105\" \/><br \/><img decoding=\"async\" class=\"\" src=\"\/wp-content\/uploads\/2021\/06\/UIA.svg\" width=\"114\" height=\"73\" \/><\/div>\t\t\t\t\t\t\t\t<\/div>\n\t\t\t\t<\/div>\n\t\t\t\t\t<\/div>\n\t\t\t\t<\/div>\n\t\t\t\t<\/div>","protected":false},"excerpt":{"rendered":"<p>Definici\u00f3 i funci\u00f3 de les cookies Per qu\u00e8 he d&#8217;informar de cookies? Dins del reglament LSSI-CE (Llei de la societat de la informaci\u00f3 i comer\u00e7 electr\u00f2nic), hi ha una secci\u00f3 dedicada a les cookies que requereix, a qui disposem d&#8217;un lloc web, descarregar en el seu navegador cookies de tercers per informar a l&#8217;usuari sobre [&hellip;]<\/p>\n","protected":false},"author":1,"featured_media":0,"parent":0,"menu_order":0,"comment_status":"closed","ping_status":"closed","template":"","meta":{"_acf_changed":false,"footnotes":""},"class_list":["post-89124","page","type-page","status-publish","hentry"],"acf":[],"_links":{"self":[{"href":"https:\/\/bloc.coop\/es\/wp-json\/wp\/v2\/pages\/89124","targetHints":{"allow":["GET"]}}],"collection":[{"href":"https:\/\/bloc.coop\/es\/wp-json\/wp\/v2\/pages"}],"about":[{"href":"https:\/\/bloc.coop\/es\/wp-json\/wp\/v2\/types\/page"}],"author":[{"embeddable":true,"href":"https:\/\/bloc.coop\/es\/wp-json\/wp\/v2\/users\/1"}],"replies":[{"embeddable":true,"href":"https:\/\/bloc.coop\/es\/wp-json\/wp\/v2\/comments?post=89124"}],"version-history":[{"count":7,"href":"https:\/\/bloc.coop\/es\/wp-json\/wp\/v2\/pages\/89124\/revisions"}],"predecessor-version":[{"id":92551,"href":"https:\/\/bloc.coop\/es\/wp-json\/wp\/v2\/pages\/89124\/revisions\/92551"}],"wp:attachment":[{"href":"https:\/\/bloc.coop\/es\/wp-json\/wp\/v2\/media?parent=89124"}],"curies":[{"name":"wp","href":"https:\/\/api.w.org\/{rel}","templated":true}]}}